{"id":13,"date":"2024-07-16T10:43:14","date_gmt":"2024-07-16T10:43:14","guid":{"rendered":"https:\/\/dev.net-vision.cz\/aerozazitky.cz\/?page_id=13"},"modified":"2024-10-08T16:44:29","modified_gmt":"2024-10-08T16:44:29","slug":"kontakt","status":"publish","type":"page","link":"https:\/\/www.aerozazitky.cz\/index.php\/kontakt\/","title":{"rendered":"Kontakt"},"content":{"rendered":"","protected":false},"excerpt":{"rendered":"","protected":false},"author":1,"featured_media":0,"parent":0,"menu_order":0,"comment_status":"closed","ping_status":"closed","template":"","meta":{"footnotes":""},"class_list":["post-13","page","type-page","status-publish","hentry"],"yoast_head":"<!-- This site is optimized with the Yoast SEO plugin v26.9 - https:\/\/yoast.com\/product\/yoast-seo-wordpress\/ -->\n<title>Kontakt - Leteck\u00e1 \u0161kola BEMOAIR s.r.o<\/title>\n<meta name=\"description\" content=\"Objevte kr\u00e1sy krajiny z pta\u010d\u00ed perspektivy. S n\u00e1mi je ka\u017ed\u00e1 cesta v\u00fdjime\u010dn\u00e1.\" \/>\n<meta name=\"robots\" content=\"index, follow, max-snippet:-1, max-image-preview:large, max-video-preview:-1\" \/>\n<link rel=\"canonical\" href=\"https:\/\/www.aerozazitky.cz\/index.php\/kontakt\/\" \/>\n<meta property=\"og:locale\" content=\"cs_CZ\" \/>\n<meta property=\"og:type\" content=\"article\" \/>\n<meta property=\"og:title\" content=\"Kontakt - Leteck\u00e1 \u0161kola BEMOAIR s.r.o\" \/>\n<meta property=\"og:description\" content=\"Objevte kr\u00e1sy krajiny z pta\u010d\u00ed perspektivy. S n\u00e1mi je ka\u017ed\u00e1 cesta v\u00fdjime\u010dn\u00e1.\" \/>\n<meta property=\"og:url\" content=\"https:\/\/www.aerozazitky.cz\/index.php\/kontakt\/\" \/>\n<meta property=\"og:site_name\" content=\"AEROz\u00e1\u017eitky\" \/>\n<meta property=\"article:publisher\" content=\"https:\/\/www.facebook.com\/bemoair\/\" \/>\n<meta property=\"article:modified_time\" content=\"2024-10-08T16:44:29+00:00\" \/>\n<meta name=\"twitter:card\" content=\"summary_large_image\" \/>\n<meta name=\"twitter:label1\" content=\"Odhadovan\u00e1 doba \u010dten\u00ed\" \/>\n\t<meta name=\"twitter:data1\" content=\"1 minuta\" \/>\n<script type=\"application\/ld+json\" class=\"yoast-schema-graph\">{\"@context\":\"https:\/\/schema.org\",\"@graph\":[{\"@type\":\"WebPage\",\"@id\":\"https:\/\/www.aerozazitky.cz\/index.php\/kontakt\/\",\"url\":\"https:\/\/www.aerozazitky.cz\/index.php\/kontakt\/\",\"name\":\"Kontakt - Leteck\u00e1 \u0161kola BEMOAIR s.r.o\",\"isPartOf\":{\"@id\":\"https:\/\/www.aerozazitky.cz\/#website\"},\"datePublished\":\"2024-07-16T10:43:14+00:00\",\"dateModified\":\"2024-10-08T16:44:29+00:00\",\"description\":\"Objevte kr\u00e1sy krajiny z pta\u010d\u00ed perspektivy. S n\u00e1mi je ka\u017ed\u00e1 cesta v\u00fdjime\u010dn\u00e1.\",\"breadcrumb\":{\"@id\":\"https:\/\/www.aerozazitky.cz\/index.php\/kontakt\/#breadcrumb\"},\"inLanguage\":\"cs\",\"potentialAction\":[{\"@type\":\"ReadAction\",\"target\":[\"https:\/\/www.aerozazitky.cz\/index.php\/kontakt\/\"]}]},{\"@type\":\"BreadcrumbList\",\"@id\":\"https:\/\/www.aerozazitky.cz\/index.php\/kontakt\/#breadcrumb\",\"itemListElement\":[{\"@type\":\"ListItem\",\"position\":1,\"name\":\"Dom\u016f\",\"item\":\"https:\/\/www.aerozazitky.cz\/\"},{\"@type\":\"ListItem\",\"position\":2,\"name\":\"Kontakt\"}]},{\"@type\":\"WebSite\",\"@id\":\"https:\/\/www.aerozazitky.cz\/#website\",\"url\":\"https:\/\/www.aerozazitky.cz\/\",\"name\":\"AEROz\u00e1\u017eitky\",\"description\":\"Seznamovac\u00ed lety na letounech a kluz\u00e1c\u00edch, adrenalinov\u00e9 z\u00e1\u017eitky - akrobatick\u00e9 lety\",\"publisher\":{\"@id\":\"https:\/\/www.aerozazitky.cz\/#organization\"},\"potentialAction\":[{\"@type\":\"SearchAction\",\"target\":{\"@type\":\"EntryPoint\",\"urlTemplate\":\"https:\/\/www.aerozazitky.cz\/?s={search_term_string}\"},\"query-input\":{\"@type\":\"PropertyValueSpecification\",\"valueRequired\":true,\"valueName\":\"search_term_string\"}}],\"inLanguage\":\"cs\"},{\"@type\":\"Organization\",\"@id\":\"https:\/\/www.aerozazitky.cz\/#organization\",\"name\":\"AEROz\u00e1\u017eitky\",\"url\":\"https:\/\/www.aerozazitky.cz\/\",\"logo\":{\"@type\":\"ImageObject\",\"inLanguage\":\"cs\",\"@id\":\"https:\/\/www.aerozazitky.cz\/#\/schema\/logo\/image\/\",\"url\":\"https:\/\/www.aerozazitky.cz\/wp-content\/uploads\/2024\/07\/logo_bma_-_vetsi.png\",\"contentUrl\":\"https:\/\/www.aerozazitky.cz\/wp-content\/uploads\/2024\/07\/logo_bma_-_vetsi.png\",\"width\":848,\"height\":214,\"caption\":\"AEROz\u00e1\u017eitky\"},\"image\":{\"@id\":\"https:\/\/www.aerozazitky.cz\/#\/schema\/logo\/image\/\"},\"sameAs\":[\"https:\/\/www.facebook.com\/bemoair\/\"]}]}<\/script>\n<!-- \/ Yoast SEO plugin. -->","yoast_head_json":{"title":"Kontakt - Leteck\u00e1 \u0161kola BEMOAIR s.r.o","description":"Objevte kr\u00e1sy krajiny z pta\u010d\u00ed perspektivy. S n\u00e1mi je ka\u017ed\u00e1 cesta v\u00fdjime\u010dn\u00e1.","robots":{"index":"index","follow":"follow","max-snippet":"max-snippet:-1","max-image-preview":"max-image-preview:large","max-video-preview":"max-video-preview:-1"},"canonical":"https:\/\/www.aerozazitky.cz\/index.php\/kontakt\/","og_locale":"cs_CZ","og_type":"article","og_title":"Kontakt - Leteck\u00e1 \u0161kola BEMOAIR s.r.o","og_description":"Objevte kr\u00e1sy krajiny z pta\u010d\u00ed perspektivy. S n\u00e1mi je ka\u017ed\u00e1 cesta v\u00fdjime\u010dn\u00e1.","og_url":"https:\/\/www.aerozazitky.cz\/index.php\/kontakt\/","og_site_name":"AEROz\u00e1\u017eitky","article_publisher":"https:\/\/www.facebook.com\/bemoair\/","article_modified_time":"2024-10-08T16:44:29+00:00","twitter_card":"summary_large_image","twitter_misc":{"Odhadovan\u00e1 doba \u010dten\u00ed":"1 minuta"},"schema":{"@context":"https:\/\/schema.org","@graph":[{"@type":"WebPage","@id":"https:\/\/www.aerozazitky.cz\/index.php\/kontakt\/","url":"https:\/\/www.aerozazitky.cz\/index.php\/kontakt\/","name":"Kontakt - Leteck\u00e1 \u0161kola BEMOAIR s.r.o","isPartOf":{"@id":"https:\/\/www.aerozazitky.cz\/#website"},"datePublished":"2024-07-16T10:43:14+00:00","dateModified":"2024-10-08T16:44:29+00:00","description":"Objevte kr\u00e1sy krajiny z pta\u010d\u00ed perspektivy. S n\u00e1mi je ka\u017ed\u00e1 cesta v\u00fdjime\u010dn\u00e1.","breadcrumb":{"@id":"https:\/\/www.aerozazitky.cz\/index.php\/kontakt\/#breadcrumb"},"inLanguage":"cs","potentialAction":[{"@type":"ReadAction","target":["https:\/\/www.aerozazitky.cz\/index.php\/kontakt\/"]}]},{"@type":"BreadcrumbList","@id":"https:\/\/www.aerozazitky.cz\/index.php\/kontakt\/#breadcrumb","itemListElement":[{"@type":"ListItem","position":1,"name":"Dom\u016f","item":"https:\/\/www.aerozazitky.cz\/"},{"@type":"ListItem","position":2,"name":"Kontakt"}]},{"@type":"WebSite","@id":"https:\/\/www.aerozazitky.cz\/#website","url":"https:\/\/www.aerozazitky.cz\/","name":"AEROz\u00e1\u017eitky","description":"Seznamovac\u00ed lety na letounech a kluz\u00e1c\u00edch, adrenalinov\u00e9 z\u00e1\u017eitky - akrobatick\u00e9 lety","publisher":{"@id":"https:\/\/www.aerozazitky.cz\/#organization"},"potentialAction":[{"@type":"SearchAction","target":{"@type":"EntryPoint","urlTemplate":"https:\/\/www.aerozazitky.cz\/?s={search_term_string}"},"query-input":{"@type":"PropertyValueSpecification","valueRequired":true,"valueName":"search_term_string"}}],"inLanguage":"cs"},{"@type":"Organization","@id":"https:\/\/www.aerozazitky.cz\/#organization","name":"AEROz\u00e1\u017eitky","url":"https:\/\/www.aerozazitky.cz\/","logo":{"@type":"ImageObject","inLanguage":"cs","@id":"https:\/\/www.aerozazitky.cz\/#\/schema\/logo\/image\/","url":"https:\/\/www.aerozazitky.cz\/wp-content\/uploads\/2024\/07\/logo_bma_-_vetsi.png","contentUrl":"https:\/\/www.aerozazitky.cz\/wp-content\/uploads\/2024\/07\/logo_bma_-_vetsi.png","width":848,"height":214,"caption":"AEROz\u00e1\u017eitky"},"image":{"@id":"https:\/\/www.aerozazitky.cz\/#\/schema\/logo\/image\/"},"sameAs":["https:\/\/www.facebook.com\/bemoair\/"]}]}},"_links":{"self":[{"href":"https:\/\/www.aerozazitky.cz\/index.php\/wp-json\/wp\/v2\/pages\/13","targetHints":{"allow":["GET"]}}],"collection":[{"href":"https:\/\/www.aerozazitky.cz\/index.php\/wp-json\/wp\/v2\/pages"}],"about":[{"href":"https:\/\/www.aerozazitky.cz\/index.php\/wp-json\/wp\/v2\/types\/page"}],"author":[{"embeddable":true,"href":"https:\/\/www.aerozazitky.cz\/index.php\/wp-json\/wp\/v2\/users\/1"}],"replies":[{"embeddable":true,"href":"https:\/\/www.aerozazitky.cz\/index.php\/wp-json\/wp\/v2\/comments?post=13"}],"version-history":[{"count":1,"href":"https:\/\/www.aerozazitky.cz\/index.php\/wp-json\/wp\/v2\/pages\/13\/revisions"}],"predecessor-version":[{"id":14,"href":"https:\/\/www.aerozazitky.cz\/index.php\/wp-json\/wp\/v2\/pages\/13\/revisions\/14"}],"wp:attachment":[{"href":"https:\/\/www.aerozazitky.cz\/index.php\/wp-json\/wp\/v2\/media?parent=13"}],"curies":[{"name":"wp","href":"https:\/\/api.w.org\/{rel}","templated":true}]}}